{"id":1918,"date":"2025-08-29T12:03:42","date_gmt":"2025-08-29T17:03:42","guid":{"rendered":"https:\/\/gestionpharma.com.co\/?page_id=1918"},"modified":"2025-08-29T15:28:42","modified_gmt":"2025-08-29T20:28:42","slug":"colaboradores","status":"publish","type":"page","link":"https:\/\/gestionpharma.com.co\/?page_id=1918","title":{"rendered":"Portal colaboradores"},"content":{"rendered":"\t\t<div data-elementor-type=\"wp-page\" data-elementor-id=\"1918\" class=\"elementor elementor-1918\">\n\t\t\t\t<div class=\"elementor-element elementor-element-2e305f3 e-flex e-con-boxed e-con e-parent\" data-id=\"2e305f3\" data-element_type=\"container\" data-e-type=\"container\">\n\t\t\t\t\t<div class=\"e-con-inner\">\n\t\t\t\t<div class=\"elementor-element elementor-element-d9b5bc3 elementor-widget elementor-widget-text-editor\" data-id=\"d9b5bc3\" data-element_type=\"widget\" data-e-type=\"widget\" data-widget_type=\"text-editor.default\">\n\t\t\t\t<div class=\"elementor-widget-container\">\n\t\t\t\t\t\t\t\t\t<p>Accede f\u00e1cilmente a los portales institucionales dise\u00f1ados para apoyar tu gesti\u00f3n diaria como colaborador de Gesti\u00f3n Pharma.<\/p>\t\t\t\t\t\t\t\t<\/div>\n\t\t\t\t<\/div>\n\t\t\t\t\t<\/div>\n\t\t\t\t<\/div>\n\t\t<div class=\"elementor-element elementor-element-b167ac9 e-flex e-con-boxed e-con e-parent\" data-id=\"b167ac9\" data-element_type=\"container\" data-e-type=\"container\">\n\t\t\t\t\t<div class=\"e-con-inner\">\n\t\t<div class=\"elementor-element elementor-element-f2e0b5c e-con-full e-flex e-con e-child\" data-id=\"f2e0b5c\" data-element_type=\"container\" data-e-type=\"container\">\n\t\t\t\t<div class=\"elementor-element elementor-element-9efaca5 elementor-widget elementor-widget-heading\" data-id=\"9efaca5\" data-element_type=\"widget\" data-e-type=\"widget\" data-widget_type=\"heading.default\">\n\t\t\t\t<div class=\"elementor-widget-container\">\n\t\t\t\t\t<h4 class=\"elementor-heading-title elementor-size-default\">Intranet Institucional<\/h4>\t\t\t\t<\/div>\n\t\t\t\t<\/div>\n\t\t\t\t<\/div>\n\t\t<div class=\"elementor-element elementor-element-d1b7bd2 e-con-full e-flex e-con e-child\" data-id=\"d1b7bd2\" data-element_type=\"container\" data-e-type=\"container\">\n\t\t\t\t<div class=\"elementor-element elementor-element-058c889 elementor-widget elementor-widget-heading\" data-id=\"058c889\" data-element_type=\"widget\" data-e-type=\"widget\" data-widget_type=\"heading.default\">\n\t\t\t\t<div class=\"elementor-widget-container\">\n\t\t\t\t\t<h4 class=\"elementor-heading-title elementor-size-default\">Reporta tus indicadores<\/h4>\t\t\t\t<\/div>\n\t\t\t\t<\/div>\n\t\t\t\t<\/div>\n\t\t<div class=\"elementor-element elementor-element-0e1e6c5 e-con-full e-flex e-con e-child\" data-id=\"0e1e6c5\" data-element_type=\"container\" data-e-type=\"container\">\n\t\t\t\t<div class=\"elementor-element elementor-element-1d5bb2c elementor-widget elementor-widget-image\" data-id=\"1d5bb2c\" data-element_type=\"widget\" data-e-type=\"widget\" data-widget_type=\"image.default\">\n\t\t\t\t<div class=\"elementor-widget-container\">\n\t\t\t\t\t\t\t\t\t\t\t\t\t\t\t<img fetchpriority=\"high\" decoding=\"async\" width=\"600\" height=\"400\" src=\"https:\/\/gestionpharma.com.co\/wp-content\/uploads\/2025\/08\/INTRANET-INS-1.png\" class=\"attachment-medium size-medium wp-image-1953\" alt=\"\" \/>\t\t\t\t\t\t\t\t\t\t\t\t\t\t\t<\/div>\n\t\t\t\t<\/div>\n\t\t\t\t<\/div>\n\t\t<div class=\"elementor-element elementor-element-2cfce9e e-con-full e-flex e-con e-child\" data-id=\"2cfce9e\" data-element_type=\"container\" data-e-type=\"container\">\n\t\t\t\t<div class=\"elementor-element elementor-element-50c1101 elementor-widget elementor-widget-image\" data-id=\"50c1101\" data-element_type=\"widget\" data-e-type=\"widget\" data-widget_type=\"image.default\">\n\t\t\t\t<div class=\"elementor-widget-container\">\n\t\t\t\t\t\t\t\t\t\t\t\t\t\t\t<img decoding=\"async\" width=\"600\" height=\"400\" src=\"https:\/\/gestionpharma.com.co\/wp-content\/uploads\/2025\/08\/Indicadores-de-gestion.png\" class=\"attachment-medium size-medium wp-image-1948\" alt=\"\" \/>\t\t\t\t\t\t\t\t\t\t\t\t\t\t\t<\/div>\n\t\t\t\t<\/div>\n\t\t\t\t<\/div>\n\t\t\t\t\t<\/div>\n\t\t\t\t<\/div>\n\t\t<div class=\"elementor-element elementor-element-588ad61 e-flex e-con-boxed e-con e-parent\" data-id=\"588ad61\" data-element_type=\"container\" data-e-type=\"container\">\n\t\t\t\t\t<div class=\"e-con-inner\">\n\t\t<div class=\"elementor-element elementor-element-3c26020 e-con-full e-flex e-con e-child\" data-id=\"3c26020\" data-element_type=\"container\" data-e-type=\"container\">\n\t\t\t\t<div class=\"elementor-element elementor-element-357e5b2 elementor-widget elementor-widget-button\" data-id=\"357e5b2\" data-element_type=\"widget\" data-e-type=\"widget\" data-widget_type=\"button.default\">\n\t\t\t\t<div class=\"elementor-widget-container\">\n\t\t\t\t\t\t\t\t\t<div class=\"elementor-button-wrapper\">\n\t\t\t\t\t<a class=\"elementor-button elementor-button-link elementor-size-sm\" href=\"https:\/\/sites.google.com\/gestionpharma.com.co\/intranet\/gesti%C3%B3n-de-calidad\/gesti%C3%B3n-integral\" id=\"https:\/\/sites.google.com\/gestionpharma.com.co\/intranet\/gesti%C3%B3n-de-calidad\/gesti%C3%B3n-integral\">\n\t\t\t\t\t\t<span class=\"elementor-button-content-wrapper\">\n\t\t\t\t\t\t\t\t\t<span class=\"elementor-button-text\">Haz clic aqu\u00ed<\/span>\n\t\t\t\t\t<\/span>\n\t\t\t\t\t<\/a>\n\t\t\t\t<\/div>\n\t\t\t\t\t\t\t\t<\/div>\n\t\t\t\t<\/div>\n\t\t\t\t<\/div>\n\t\t<div class=\"elementor-element elementor-element-fa56273 e-con-full e-flex e-con e-child\" data-id=\"fa56273\" data-element_type=\"container\" data-e-type=\"container\">\n\t\t\t\t<div class=\"elementor-element elementor-element-2a3e606 elementor-widget elementor-widget-button\" data-id=\"2a3e606\" data-element_type=\"widget\" data-e-type=\"widget\" data-widget_type=\"button.default\">\n\t\t\t\t<div class=\"elementor-widget-container\">\n\t\t\t\t\t\t\t\t\t<div class=\"elementor-button-wrapper\">\n\t\t\t\t\t<a class=\"elementor-button elementor-button-link elementor-size-sm\" href=\"https:\/\/sites.google.com\/gestionpharma.com.co\/intranet\/indicadores?authuser=0\" id=\"https:\/\/sites.google.com\/gestionpharma.com.co\/intranet\/indicadores?authuser=0\">\n\t\t\t\t\t\t<span class=\"elementor-button-content-wrapper\">\n\t\t\t\t\t\t\t\t\t<span class=\"elementor-button-text\">Haz clic aqu\u00ed<\/span>\n\t\t\t\t\t<\/span>\n\t\t\t\t\t<\/a>\n\t\t\t\t<\/div>\n\t\t\t\t\t\t\t\t<\/div>\n\t\t\t\t<\/div>\n\t\t\t\t<\/div>\n\t\t\t\t\t<\/div>\n\t\t\t\t<\/div>\n\t\t<div class=\"elementor-element elementor-element-6c4ee62 e-flex e-con-boxed e-con e-parent\" data-id=\"6c4ee62\" data-element_type=\"container\" data-e-type=\"container\">\n\t\t\t\t\t<div class=\"e-con-inner\">\n\t\t<div class=\"elementor-element elementor-element-09e7af2 e-con-full e-flex e-con e-child\" data-id=\"09e7af2\" data-element_type=\"container\" data-e-type=\"container\">\n\t\t\t\t<div class=\"elementor-element elementor-element-5b5300f elementor-widget elementor-widget-heading\" data-id=\"5b5300f\" data-element_type=\"widget\" data-e-type=\"widget\" data-widget_type=\"heading.default\">\n\t\t\t\t<div class=\"elementor-widget-container\">\n\t\t\t\t\t<h4 class=\"elementor-heading-title elementor-size-default\">Portal de Ticket<\/h4>\t\t\t\t<\/div>\n\t\t\t\t<\/div>\n\t\t\t\t<\/div>\n\t\t<div class=\"elementor-element elementor-element-dd75e77 e-con-full e-flex e-con e-child\" data-id=\"dd75e77\" data-element_type=\"container\" data-e-type=\"container\">\n\t\t\t\t<div class=\"elementor-element elementor-element-d7e2678 elementor-widget elementor-widget-heading\" data-id=\"d7e2678\" data-element_type=\"widget\" data-e-type=\"widget\" data-widget_type=\"heading.default\">\n\t\t\t\t<div class=\"elementor-widget-container\">\n\t\t\t\t\t<h4 class=\"elementor-heading-title elementor-size-default\">Gesti\u00f3n Humana<\/h4>\t\t\t\t<\/div>\n\t\t\t\t<\/div>\n\t\t\t\t<\/div>\n\t\t<div class=\"elementor-element elementor-element-5f91b51 e-con-full e-flex e-con e-child\" data-id=\"5f91b51\" data-element_type=\"container\" data-e-type=\"container\">\n\t\t\t\t<div class=\"elementor-element elementor-element-3a74ace elementor-widget elementor-widget-image\" data-id=\"3a74ace\" data-element_type=\"widget\" data-e-type=\"widget\" data-widget_type=\"image.default\">\n\t\t\t\t<div class=\"elementor-widget-container\">\n\t\t\t\t\t\t\t\t\t\t\t\t\t\t\t<img decoding=\"async\" width=\"600\" height=\"400\" src=\"https:\/\/gestionpharma.com.co\/wp-content\/uploads\/2025\/08\/ticket.png\" class=\"attachment-medium size-medium wp-image-1950\" alt=\"\" \/>\t\t\t\t\t\t\t\t\t\t\t\t\t\t\t<\/div>\n\t\t\t\t<\/div>\n\t\t\t\t<\/div>\n\t\t<div class=\"elementor-element elementor-element-d6d2aea e-con-full e-flex e-con e-child\" data-id=\"d6d2aea\" data-element_type=\"container\" data-e-type=\"container\">\n\t\t\t\t<div class=\"elementor-element elementor-element-2191d6d elementor-widget elementor-widget-image\" data-id=\"2191d6d\" data-element_type=\"widget\" data-e-type=\"widget\" data-widget_type=\"image.default\">\n\t\t\t\t<div class=\"elementor-widget-container\">\n\t\t\t\t\t\t\t\t\t\t\t\t\t\t\t<img loading=\"lazy\" decoding=\"async\" width=\"600\" height=\"400\" src=\"https:\/\/gestionpharma.com.co\/wp-content\/uploads\/2025\/08\/gestion-humana.png\" class=\"attachment-medium size-medium wp-image-1952\" alt=\"\" \/>\t\t\t\t\t\t\t\t\t\t\t\t\t\t\t<\/div>\n\t\t\t\t<\/div>\n\t\t\t\t<\/div>\n\t\t\t\t\t<\/div>\n\t\t\t\t<\/div>\n\t\t<div class=\"elementor-element elementor-element-cdf3d77 e-flex e-con-boxed e-con e-parent\" data-id=\"cdf3d77\" data-element_type=\"container\" data-e-type=\"container\">\n\t\t\t\t\t<div class=\"e-con-inner\">\n\t\t<div class=\"elementor-element elementor-element-18b14a6 e-con-full e-flex e-con e-child\" data-id=\"18b14a6\" data-element_type=\"container\" data-e-type=\"container\">\n\t\t\t\t<div class=\"elementor-element elementor-element-2d31a62 elementor-widget elementor-widget-button\" data-id=\"2d31a62\" data-element_type=\"widget\" data-e-type=\"widget\" data-widget_type=\"button.default\">\n\t\t\t\t<div class=\"elementor-widget-container\">\n\t\t\t\t\t\t\t\t\t<div class=\"elementor-button-wrapper\">\n\t\t\t\t\t<a class=\"elementor-button elementor-button-link elementor-size-sm\" href=\"https:\/\/calidadgestionpharma.tech-q.net\/scp\/login.php\" id=\"https:\/\/calidadgestionpharma.tech-q.net\/scp\/login.php\">\n\t\t\t\t\t\t<span class=\"elementor-button-content-wrapper\">\n\t\t\t\t\t\t\t\t\t<span class=\"elementor-button-text\">Haz clic aqu\u00ed<\/span>\n\t\t\t\t\t<\/span>\n\t\t\t\t\t<\/a>\n\t\t\t\t<\/div>\n\t\t\t\t\t\t\t\t<\/div>\n\t\t\t\t<\/div>\n\t\t\t\t<\/div>\n\t\t<div class=\"elementor-element elementor-element-b1406ec e-con-full e-flex e-con e-child\" data-id=\"b1406ec\" data-element_type=\"container\" data-e-type=\"container\">\n\t\t\t\t<div class=\"elementor-element elementor-element-cf33fe3 elementor-widget elementor-widget-button\" data-id=\"cf33fe3\" data-element_type=\"widget\" data-e-type=\"widget\" data-widget_type=\"button.default\">\n\t\t\t\t<div class=\"elementor-widget-container\">\n\t\t\t\t\t\t\t\t\t<div class=\"elementor-button-wrapper\">\n\t\t\t\t\t<a class=\"elementor-button elementor-button-link elementor-size-sm\" href=\"https:\/\/wa.link\/scv3e5\" id=\"https:\/\/wa.link\/scv3e5\">\n\t\t\t\t\t\t<span class=\"elementor-button-content-wrapper\">\n\t\t\t\t\t\t\t\t\t<span class=\"elementor-button-text\">Haz clic aqu\u00ed<\/span>\n\t\t\t\t\t<\/span>\n\t\t\t\t\t<\/a>\n\t\t\t\t<\/div>\n\t\t\t\t\t\t\t\t<\/div>\n\t\t\t\t<\/div>\n\t\t\t\t<\/div>\n\t\t\t\t\t<\/div>\n\t\t\t\t<\/div>\n\t\t\t\t<\/div>\n\t\t","protected":false},"excerpt":{"rendered":"<p>Accede f\u00e1cilmente a los portales institucionales dise\u00f1ados para apoyar tu gesti\u00f3n diaria como colaborador de Gesti\u00f3n Pharma. Intranet Institucional Reporta tus indicadores Haz clic aqu\u00ed Haz clic aqu\u00ed Portal de Ticket Gesti\u00f3n Humana Haz clic aqu\u00ed Haz clic aqu\u00ed<\/p>\n","protected":false},"author":1,"featured_media":0,"parent":0,"menu_order":0,"comment_status":"closed","ping_status":"closed","template":"","meta":{"_gspb_post_css":"","_kadence_starter_templates_imported_post":false,"_joinchat":[],"footnotes":""},"class_list":["post-1918","page","type-page","status-publish","hentry"],"blocksy_meta":[],"_links":{"self":[{"href":"https:\/\/gestionpharma.com.co\/index.php?rest_route=\/wp\/v2\/pages\/1918","targetHints":{"allow":["GET"]}}],"collection":[{"href":"https:\/\/gestionpharma.com.co\/index.php?rest_route=\/wp\/v2\/pages"}],"about":[{"href":"https:\/\/gestionpharma.com.co\/index.php?rest_route=\/wp\/v2\/types\/page"}],"author":[{"embeddable":true,"href":"https:\/\/gestionpharma.com.co\/index.php?rest_route=\/wp\/v2\/users\/1"}],"replies":[{"embeddable":true,"href":"https:\/\/gestionpharma.com.co\/index.php?rest_route=%2Fwp%2Fv2%2Fcomments&post=1918"}],"version-history":[{"count":26,"href":"https:\/\/gestionpharma.com.co\/index.php?rest_route=\/wp\/v2\/pages\/1918\/revisions"}],"predecessor-version":[{"id":1991,"href":"https:\/\/gestionpharma.com.co\/index.php?rest_route=\/wp\/v2\/pages\/1918\/revisions\/1991"}],"wp:attachment":[{"href":"https:\/\/gestionpharma.com.co\/index.php?rest_route=%2Fwp%2Fv2%2Fmedia&parent=1918"}],"curies":[{"name":"wp","href":"https:\/\/api.w.org\/{rel}","templated":true}]}}